{"id":1057,"date":"2015-11-22T21:46:20","date_gmt":"2015-11-22T12:46:20","guid":{"rendered":"http:\/\/tc-simulations.com\/homepage\/?page_id=1057"},"modified":"2024-09-03T20:12:57","modified_gmt":"2024-09-03T11:12:57","slug":"company","status":"publish","type":"page","link":"https:\/\/tc-simulations.com\/homepage\/company\/","title":{"rendered":"\u4f1a\u793e\u60c5\u5831"},"content":{"rendered":"<p style=\"padding-left: 30px; text-align: justify;\">\u4e8b\u696d\u5185\u5bb9\uff1a<\/p>\n<p style=\"padding-left: 60px; text-align: justify;\">\u5f53\u793e\u306f\u7d30\u80de\u30b7\u30df\u30e5\u30ec\u30fc\u30b7\u30e7\u30f3\u30bd\u30d5\u30c8\u30a6\u30a8\u30a2A-Cell\u3001\u53ca\u3073\u7d30\u80de\u30b7\u30df\u30e5\u30ec\u30fc\u30b7\u30e7\u30f3\u306e\u30b3\u30f3\u30b5\u30eb\u30c6\u30a3\u30f3\u30b0\u3092\u3054\u63d0\u4f9b\u3057\u307e\u3059\u3002<\/p>\n<p style=\"padding-left: 60px; text-align: justify;\">A-Cell\u306f\u7c21\u5358\u306a\u64cd\u4f5c\u3067\u6642\u7a7a\u9593\u306e4D\u30b7\u30df\u30e5\u30ec\u30fc\u30b7\u30e7\u30f3\u3092\u884c\u3046\u3053\u3068\u304c\u3067\u304d\u308b\u30bd\u30d5\u30c8\u30a6\u30a8\u30a2\u3067\u3059\u3002\u5f53\u793e\u306f\u305d\u306e\u7814\u7a76\u958b\u767a\u304b\u3089\u8ca9\u58f2\u307e\u3067\u3092\u884c\u306a\u3044\u307e\u3059\u3002\u3055\u3089\u306b\u7d30\u80de\u30b7\u30df\u30e5\u30ec\u30fc\u30b7\u30e7\u30f3\u3092\u5275\u85ac\u7b49\u306e\u52b9\u7387\u5316\u306b\u4f7f\u3063\u3066\u3044\u305f\u3060\u304f\u305f\u3081\u300140\u5e74\u306b\u308f\u305f\u308b\u7d4c\u9a13\u3092\u3054\u63d0\u4f9b\u3057\u307e\u3059\u3002<\/p>\n<p style=\"padding-left: 30px;\">\u793e\u540d\u306b\u3064\u3044\u3066<\/p>\n<p style=\"padding-left: 60px; text-align: justify;\">\u793e\u540d\u201dTrue Cell Simulations\u201d\u306b\u306f\u76f8\u53cd\u3059\u308b\u8a00\u8449\u304c\u4e26\u3093\u3067\u3044\u308b\u5370\u8c61\u304c\u3042\u308b\u304b\u3082\u3057\u308c\u307e\u305b\u3093\u3002\u7a76\u6975\u306e\u7d30\u80de\u30b7\u30df\u30e5\u30ec\u30fc\u30b7\u30e7\u30f3\u306f\u3001\u7d30\u80de\u306e\u5168\u73fe\u8c61\u3092\u30e1\u30ab\u30cb\u30ba\u30e0\u306b\u57fa\u3065\u3044\u3066\u8a18 \u8ff0\u3057\u3001\u30b3\u30f3\u30d4\u30e5\u30fc\u30bf\u30b7\u30df\u30e5\u30ec\u30fc\u30b7\u30e7\u30f3\u3092\u884c\u3046\u3053\u3068\u3067\u3059\u3002\u3053\u308c\u3092\u201dtrue cell simulation\u201d\u3068\u547c\u3076\u3053\u3068\u304c\u3067\u304d\u308b\u3067\u3057\u3087\u3046\u3002\u793e\u540d\u306f\u3053\u308c\u3092\u76ee\u6307\u3059\u5f53\u793e\u306e\u899a\u609f\u3092\u8868\u3057\u305f\u3082\u306e\u3067\u3059\u3002<\/p>\n<hr \/>\n<p style=\"padding-left: 30px;\">\u6240\u5728\u5730\uff1a\u3000\u3012107-0062\u3000\u6771\u4eac\u90fd\u6e2f\u533a\u5357\u9752\u5c71\u30002-2-15\u3000WIN\u9752\u5c71531<\/p>\n<p style=\"padding-left: 30px;\">\u304a\u554f\u3044\u5408\u308f\u305b\uff1a\u3000<a href=\"http:\/\/wp.me\/P6PpIb-E\" target=\"_blank\" rel=\"noopener\">\u304a\u554f\u3044\u5408\u308f\u305b\u30d5\u30a9\u30fc\u30e0<\/a>\u304b\u3089\u304a\u554f\u5408\u305b\u304f\u3060\u3055\u3044<\/p>\n<p style=\"padding-left: 30px;\">\u4ee3\u8868\u53d6\u7de0\u5f79\u793e\u9577\uff1a\u3000\u7406\u5b66\u535a\u58eb\u3000\u5e02\u5ddd\u3000\u4e00\u5bff<\/p>\n<p style=\"padding-left: 30px;\">\n<div class=\"wc-shortcodes-row wc-shortcodes-item wc-shortcodes-clearfix\">\n<div class=\"wc-shortcodes-column wc-shortcodes-content wc-shortcodes-one-fourth wc-shortcodes-column-first \">\n<p style=\"padding-left: 30px;\"><img loading=\"lazy\" class=\"alignnone wp-image-328 size-medium\" src=\"https:\/\/tc-simulations.com\/homepage\/wp-content\/uploads\/2015\/06\/150621102128-225x300.png\" alt=\"150621102128\" width=\"225\" height=\"300\" \/><\/p>\n<p style=\"padding-left: 30px;\"><\/div>\n<div class=\"wc-shortcodes-column wc-shortcodes-content wc-shortcodes-one-fourth wc-shortcodes-column- \">\n<p style=\"padding-left: 30px;\"><\/div>\n<div class=\"wc-shortcodes-column wc-shortcodes-content wc-shortcodes-one-fourth wc-shortcodes-column- \">\n<p style=\"padding-left: 30px;\"><\/div>\n<div class=\"wc-shortcodes-column wc-shortcodes-content wc-shortcodes-one-fourth wc-shortcodes-column-last \">\n<p style=\"padding-left: 30px;\"><\/div>\n<\/div>\n<hr \/>\n<p style=\"padding-left: 120px;\">\u5e02\u5ddd\u3000\u4e00\u5bff\u3000\u7d4c\u6b74<\/p>\n<p style=\"padding-left: 120px;\">\u65e5\u672c\u30a2\u30a4\u30fb\u30d3\u30fc\u30fb\u30a8\u30e0\u682a\u5f0f\u4f1a\u793e\u3000\u7814\u7a76\u6240\u3000\u8ab2\u9577<\/p>\n<p style=\"padding-left: 120px;\">\u65e9\u7a32\u7530\u5927\u5b66\u7406\u5de5\u5b66\u7dcf\u5408\u7814\u7a76\u30bb\u30f3\u30bf\u30fc\u30fb\u5ba2\u54e1\u6559\u6388\uff08\u5c02\u4efb\u6271\u3044\uff09<\/p>\n<p style=\"padding-left: 120px;\">\u5bcc\u58eb\u30bc\u30ed\u30c3\u30af\u30b9\u682a\u5f0f\u4f1a\u793e\u4e2d\u592e\u7814\u7a76\u6240\u3000\u8133\u60c5\u5831\u79d1\u5b66\u7814\u7a76\u5ba4\u5ba4\u9577<\/p>\n<p style=\"padding-left: 120px;\">\u91d1\u6ca2\u5de5\u696d\u5927\u5b66\u3000\u751f\u547d\u60c5\u5831\u5b66\u79d1\u3000\u6559\u6388<\/p>\n<p style=\"padding-left: 120px;\">\u5927\u962a\u5927\u5b66\u3000\u57fa\u790e\u5de5\u5b66\u7814\u7a76\u79d1\u3000\u7279\u4efb\u6559\u6388<\/p>\n<p style=\"padding-left: 120px;\">\u6771\u4eac\u5927\u5b66\u3000\u533b\u79d1\u5b66\u7814\u7a76\u6240\u816b\u760d\u6570\u7406\u5206\u91ce\u3000\u7279\u4efb\u6559\u6388<\/p>\n<p style=\"padding-left: 120px;\">\u682a\u5f0f\u4f1a\u793e True Cell Simulations\u8a2d\u7acb\u3000\u4ee3\u8868\u53d6\u7de0\u5f79\u793e\u9577<\/p>\n<hr \/>\n<p><strong>\u4e3b\u306a\u53d6\u5f15\u5148<\/strong><\/p>\n<p><span style=\"color: #0000ff;\">A-Cell\u3054\u5229\u7528\u306e\u4f01\u696d\u30fb\u5927\u5b66\u30fb\u7814\u7a76\u6a5f\u95a2<br \/>\n<\/span><\/p>\n<p>\u56fd\u5185<\/p>\n<p style=\"padding-left: 40px;\">\u611b\u77e5\u533b\u79d1\u5927\u5b66\u3000\u611b\u77e5\u770c\u7acb\u5927\u5b66\u3000\u9ebb\u5e03\u5927\u5b66\u3000\u5927\u962a\u5927\u5b66\u3000\u5927\u962a\u5e9c\u7acb\u5927\u5b66\u3000\u5927\u7530\u533a\u7acb\u96ea\u8c37\u4e2d\u5b66\u6821\u3000\u5ca1\u5c71\u5927\u5b66\u3000\u5ca1\u5c71\u7406\u79d1\u5927\u5b66\u3000\u304a\u8336\u306e\u6c34\u5927\u5b66\u3000\u4eac\u90fd\u5927\u5b66\u3000\u5b66\u7fd2\u9662\u5927\u5b66\u3000\u5317\u91cc\u5927\u5b66\u3000\u4e45\u7559\u7c73\u5927\u5b66\u3000\u6176\u5fdc\u5927\u5b66\u3000\u795e\u6238\u5927\u5b66\u3000\u56fd\u969b\u533b\u7642\u7814\u7a76\u30bb\u30f3\u30bf\u30fc\u3000\u56fd\u58eb\u9928\u5927\u5b66\u3000\u57fc\u7389\u533b\u79d1\u5927\u5b66\u3000\u7523\u696d\u6280\u8853\u7dcf\u5408\u7814\u7a76\u6240\u3000\u5e1d\u4eac\u5927\u5b66\u3000\u6b66\u7530\u85ac\u54c1\u5de5\u696d\u682a\u5f0f\u4f1a\u793e\u3000\u6771\u4eac\u533b\u79d1\u6b6f\u79d1\u5927\u5b66\u3000\u6771\u4eac\u6148\u6075\u533b\u79d1\u5927\u5b66\u3000\u6771\u4eac\u5927\u5b66\u3000\u6771\u4eac\u5de5\u79d1\u5927\u5b66\u3000\u6771\u4eac\u5de5\u696d\u5927\u5b66\u3000\u6771\u4eac\u7406\u79d1\u5927\u5b66\u3000\u6771\u5317\u533b\u79d1\u5927\u5b66\u3000\u7b51\u6ce2\u5927\u5b66\u3000\u9577\u5d0e\u5927\u5b66\u3000\u540d\u53e4\u5c4b\u5927\u5b66\u3000\u682a\u5f0f\u4f1a\u793e\u30cb\u30b3\u30f3\u3000\u5f18\u524d\u5927\u5b66\u3000\u5e83\u5cf6\u5927\u5b66\u3000\u798f\u4e95\u5927\u5b66\u3000\u5317\u6d77\u9053\u5927\u5b66\u3000Meiji Seika\u30d5\u30a1\u30eb\u30de\u3000\u7406\u5316\u5b66\u7814\u7a76\u6240\u3000\u7409\u7403\u5927\u5b66\u3000\u5c71\u53e3\u7406\u79d1\u5927\u5b66\u3000\u5c71\u68a8\u5927\u5b66<\/p>\n<p>\u56fd\u5916<\/p>\n<p style=\"padding-left: 40px;\">University of Western Australia, University of Illinois, Biozentrum University of Base, UAMS, Institute Ru\u0111er Bo\u0161kovi\u0107, Norwegian University of Life Science, University of Florida, Universit\u00e9 de Strasbourg, University of North Dakota, UAM University (Madrid, Spain), Icahn School of Medicine at Mount Sinai, University of Insubria, Battelle, The Hebrew University, UMass Med, Explora Srl, Weill Cornell Medical College, Vanderbilt University, University of Georgia, University of Cincinnati, National Centre for Scientific Research &#8216;Demokritos\u2018, IMCB, Mdc, TMU, TAMHSC, Pacific Northwest National Laboratory, Biognos AB, KRIBB\/UST, ist lisbon, UC Davis, UAMS, Institute Ru\u0111er Bo\u0161kovi\u0107, Norwegian University of Life Science, Icahn School of Medicine at Mount Sinai<\/p>\n<p><span style=\"color: #0000ff;\">\u30b3\u30f3\u30b5\u30eb\u30c6\u30a3\u30f3\u30b0<\/span><\/p>\n<p>\u56fd\u5185<\/p>\n<p style=\"padding-left: 40px;\">\u5927\u962a\u5927\u5b66\u00a0 \u7523\u696d\u6280\u8853\u7dcf\u5408\u7814\u7a76\u6240\u3000 \u6771\u4eac\u6148\u6075\u533b\u79d1\u5927\u5b66\u3000 \u6771\u4eac\u5927\u5b66\u3000 \u7b51\u6ce2\u5927\u5b66\u3000 \u9577\u5d0e\u5927\u5b66\u3000\u00a0 \u7406\u5316\u5b66\u7814\u7a76\u6240<\/p>\n<p>\u6d77\u5916<\/p>\n<p style=\"padding-left: 40px;\">Vanderbilt Univ. (USA), Radboud Univ. (Netherland)<\/p>\n","protected":false},"excerpt":{"rendered":"<p>\u4e8b\u696d\u5185\u5bb9\uff1a \u5f53\u793e\u306f\u7d30\u80de\u30b7\u30df\u30e5\u30ec\u30fc\u30b7\u30e7\u30f3\u30bd\u30d5\u30c8\u30a6\u30a8\u30a2A-Cell\u3001\u53ca\u3073\u7d30\u80de\u30b7\u30df\u30e5\u30ec\u30fc\u30b7\u30e7\u30f3\u306e\u30b3\u30f3\u30b5\u30eb\u30c6\u30a3\u30f3\u30b0\u3092\u3054\u63d0\u4f9b\u3057\u307e\u3059\u3002 A-Cell\u306f\u7c21\u5358\u306a\u64cd\u4f5c\u3067\u6642\u7a7a\u9593\u306e4D\u30b7\u30df\u30e5\u30ec\u30fc\u30b7\u30e7\u30f3\u3092\u884c\u3046\u3053\u3068\u304c\u3067\u304d\u308b\u30bd\u30d5\u30c8\u30a6\u30a8\u30a2\u3067\u3059\u3002\u5f53\u793e\u306f &hellip; <a href=\"https:\/\/tc-simulations.com\/homepage\/company\/\">\u7d9a\u304d\u3092\u8aad\u3080 <span class=\"meta-nav\">&rarr;<\/span><\/a><\/p>\n","protected":false},"author":1,"featured_media":0,"parent":0,"menu_order":10,"comment_status":"closed","ping_status":"closed","template":"","meta":{"spay_email":""},"jetpack_sharing_enabled":false,"jetpack_shortlink":"https:\/\/wp.me\/P6PpIb-h3","_links":{"self":[{"href":"https:\/\/tc-simulations.com\/homepage\/wp-json\/wp\/v2\/pages\/1057"}],"collection":[{"href":"https:\/\/tc-simulations.com\/homepage\/wp-json\/wp\/v2\/pages"}],"about":[{"href":"https:\/\/tc-simulations.com\/homepage\/wp-json\/wp\/v2\/types\/page"}],"author":[{"embeddable":true,"href":"https:\/\/tc-simulations.com\/homepage\/wp-json\/wp\/v2\/users\/1"}],"replies":[{"embeddable":true,"href":"https:\/\/tc-simulations.com\/homepage\/wp-json\/wp\/v2\/comments?post=1057"}],"version-history":[{"count":29,"href":"https:\/\/tc-simulations.com\/homepage\/wp-json\/wp\/v2\/pages\/1057\/revisions"}],"predecessor-version":[{"id":2607,"href":"https:\/\/tc-simulations.com\/homepage\/wp-json\/wp\/v2\/pages\/1057\/revisions\/2607"}],"wp:attachment":[{"href":"https:\/\/tc-simulations.com\/homepage\/wp-json\/wp\/v2\/media?parent=1057"}],"curies":[{"name":"wp","href":"https:\/\/api.w.org\/{rel}","templated":true}]}}